{"id":5720,"date":"2018-10-22T13:45:00","date_gmt":"2018-10-22T13:45:00","guid":{"rendered":"https:\/\/www.ekko-wp.com\/?page_id=5720"},"modified":"2024-06-04T12:25:44","modified_gmt":"2024-06-04T12:25:44","slug":"about-us","status":"publish","type":"page","link":"https:\/\/alqabida.com.tr\/tr\/about-us\/","title":{"rendered":"Hakk\u0131m\u0131zda"},"content":{"rendered":"<div class=\"wpb-content-wrapper\"><div class=\"vc_row wpb_row vc_row-fluid vc_custom_1717503942123 vc_row-has-padding-bottom\"><div class=\"wpb_column vc_column_container vc_col-sm-12\"><div class=\"vc_column-inner\"><div class=\"wpb_wrapper\"><div class=\"feature-sections-wrapper kd-fsp-69de05410829f\">\r\n            <section class=\"feature-sections-tabs\">\r\n              <nav class=\"kd-feature-tabs\">\r\n                <ul class=\"nav nav-tabs sticky-tabs container\">\r\n                <\/ul>\r\n              <\/nav>\r\n            <\/section>\r\n            <section id=\"kd-fss-69de054108317\" class=\"featured-right\"><li class=\"nav-label\"><a class=\"feature-tabs-scroll\" href=\"#kd-fss-69de054108317\"><i class=\"iconsmind-Chrysler-Building iconsmind-Buildings-Landmarks fss-nav-icon\" style=\" \"><\/i> Planlama ve tasar\u0131m<\/a><\/li><div class=\"container\">\r\n                <div class=\"side-content-wrapper kd-animated fadeInLeft\" data-animation-delay=\"200\"><i class=\"iconsmind-Chrysler-Building iconsmind-Buildings-Landmarks section-icon\" style=\" \"><\/i> <h2 class=\"side-content-title\" >Hakk\u0131m\u0131zda<\/h2><div class=\"side-content-text\" ><p>Al Qabida olarak, in\u015faat sekt\u00f6r\u00fcn\u00fcn farkl\u0131 ihtiya\u00e7lar\u0131n\u0131 kar\u015f\u0131lamak i\u00e7in en kaliteli in\u015faat malzemeleri ve ekipmanlar\u0131n\u0131 sa\u011flamaya kendimizi adad\u0131k. Kapsaml\u0131 portf\u00f6y\u00fcm\u00fcz, m\u00fckemmellik ve g\u00fcvenilirli\u011fe olan ba\u011fl\u0131l\u0131\u011f\u0131m\u0131z\u0131 yans\u0131t\u0131yor ve bizi Irak&#039;taki projeler i\u00e7in g\u00fcvenilir bir ortak olarak konumland\u0131r\u0131yor.<\/p>\n<p>Sekt\u00f6rdeki \u00fc\u00e7 nesillik miras\u0131m\u0131zla, projelerinizin verimlili\u011fini ve ba\u015far\u0131s\u0131n\u0131 art\u0131ran benzersiz \u00fcr\u00fcnler sunmak i\u00e7in gelene\u011fi yenilikle birle\u015ftiriyoruz. Kaliteye, ba\u011fl\u0131l\u0131\u011fa ve g\u00fcvene odaklanmam\u0131z ilk g\u00fcnden itibaren i\u015fimizin temel ta\u015f\u0131 olmu\u015ftur.<\/p>\n<\/div><\/div><div class=\"side-featured-wrapper fss-organic-1-rotate kd-animated fadeInRight fss-shadow-image\" data-animation-delay=\"200\">\r\n      <div class=\"featured-image\"><img loading=\"lazy\" decoding=\"async\" width=\"1000\" height=\"667\" src=\"https:\/\/alqabida.com.tr\/wp-content\/uploads\/2024\/06\/markus-winkler-HtLkTOr_DQc-unsplash.jpg\" class=\"attachment-full\" alt=\"\" title=\"markus-winkler-HtLkTOr_DQc-unsplash\" srcset=\"https:\/\/alqabida.com.tr\/wp-content\/uploads\/2024\/06\/markus-winkler-HtLkTOr_DQc-unsplash.jpg 1000w, https:\/\/alqabida.com.tr\/wp-content\/uploads\/2024\/06\/markus-winkler-HtLkTOr_DQc-unsplash-800x534.jpg 800w, https:\/\/alqabida.com.tr\/wp-content\/uploads\/2024\/06\/markus-winkler-HtLkTOr_DQc-unsplash-300x200.jpg 300w, https:\/\/alqabida.com.tr\/wp-content\/uploads\/2024\/06\/markus-winkler-HtLkTOr_DQc-unsplash-768x512.jpg 768w\" sizes=\"auto, (max-width: 1000px) 100vw, 1000px\" \/><\/div>\r\n    <\/div><\/div>\r\n            <\/section><section id=\"kd-fss-69de05410869c\" class=\"featured-left\"><li class=\"nav-label\"><a class=\"feature-tabs-scroll\" href=\"#kd-fss-69de05410869c\"><i class=\"iconsmind-Eye iconsmind-Bodypart fss-nav-icon\" style=\" \"><\/i> Vizyon<\/a><\/li><div class=\"container\">\r\n                <div class=\"side-content-wrapper kd-animated fadeInRight\" data-animation-delay=\"200\"><i class=\"iconsmind-Eye iconsmind-Bodypart section-icon\" style=\" \"><\/i> <h2 class=\"side-content-title\" >Vizyon<\/h2><div class=\"side-content-text\" ><p>Vizyonumuz Irak&#039;ta in\u015faat malzemeleri ve ekipmanlar\u0131n\u0131n lider tedarik\u00e7isi olmakt\u0131r. Bunu, \u00fcr\u00fcn tekliflerimizi s\u00fcrekli olarak geni\u015fleterek ve en y\u00fcksek kalite standartlar\u0131n\u0131 koruyarak ba\u015far\u0131yoruz. M\u00fc\u015fterilerimize projelerini zaman\u0131nda ve b\u00fct\u00e7e dahilinde tamamlamalar\u0131 i\u00e7in ihtiya\u00e7 duyduklar\u0131 malzemeleri sunarak nihai memnuniyetlerini sa\u011flamay\u0131 hedefliyoruz.<\/p>\n<\/div><\/div><div class=\"side-featured-wrapper fss-organic-1 kd-animated fadeInLeft fss-shadow-image\" data-animation-delay=\"200\">\r\n      <div class=\"featured-image\"><img loading=\"lazy\" decoding=\"async\" width=\"1000\" height=\"667\" src=\"https:\/\/alqabida.com.tr\/wp-content\/uploads\/2024\/06\/frames-for-your-heart-VoI2jd75M6Q-unsplash.jpg\" class=\"attachment-full\" alt=\"\" title=\"kalbiniz i\u00e7in karelerVoI2jd75M6Q-unsplash\" srcset=\"https:\/\/alqabida.com.tr\/wp-content\/uploads\/2024\/06\/frames-for-your-heart-VoI2jd75M6Q-unsplash.jpg 1000w, https:\/\/alqabida.com.tr\/wp-content\/uploads\/2024\/06\/frames-for-your-heart-VoI2jd75M6Q-unsplash-800x534.jpg 800w, https:\/\/alqabida.com.tr\/wp-content\/uploads\/2024\/06\/frames-for-your-heart-VoI2jd75M6Q-unsplash-300x200.jpg 300w, https:\/\/alqabida.com.tr\/wp-content\/uploads\/2024\/06\/frames-for-your-heart-VoI2jd75M6Q-unsplash-768x512.jpg 768w\" sizes=\"auto, (max-width: 1000px) 100vw, 1000px\" \/><\/div>\r\n    <\/div><\/div>\r\n            <\/section><section id=\"kd-fss-69de0541089e0\" class=\"featured-right\"><li class=\"nav-label\"><a class=\"feature-tabs-scroll\" href=\"#kd-fss-69de0541089e0\"><i class=\"iconsmind-Target iconsmind-Seo-Icons fss-nav-icon\" style=\" \"><\/i> Misyon<\/a><\/li><div class=\"container\">\r\n                <div class=\"side-content-wrapper kd-animated fadeInLeft\" data-animation-delay=\"200\"><i class=\"iconsmind-Target iconsmind-Seo-Icons section-icon\" style=\" \"><\/i> <h2 class=\"side-content-title\" >Misyon<\/h2><div class=\"side-content-text\" ><p>Al Qabida&#039;da misyonumuz m\u00fc\u015fterilerimize en y\u00fcksek kalitede in\u015faat malzemeleri ve ekipmanlar\u0131n\u0131 sa\u011flamakt\u0131r. G\u00fcvene, g\u00fcvenilirli\u011fe ve ola\u011fan\u00fcst\u00fc hizmete dayal\u0131 uzun vadeli ili\u015fkiler kurmaya \u00e7al\u0131\u015f\u0131yoruz. Misyonumuz \u015funlar\u0131 i\u00e7erir:<\/p>\n<ul>\n<li>Rekabet\u00e7i fiyatlarla geni\u015f bir yelpazede y\u00fcksek kaliteli \u00fcr\u00fcnler sunuyoruz.<\/li>\n<li>Proje son tarihlerini kar\u015f\u0131lamak i\u00e7in zaman\u0131nda teslimat ve verimli hizmet sa\u011flamak.<\/li>\n<li>T\u00fcm i\u015f ili\u015fkilerimizde do\u011frulu\u011fu, d\u00fcr\u00fcstl\u00fc\u011f\u00fc ve adaleti korumak.<\/li>\n<li>M\u00fc\u015fteri beklentilerini a\u015fmak i\u00e7in \u00fcr\u00fcn tekliflerimizi ve hizmetlerimizi s\u00fcrekli iyile\u015ftirmek.<\/li>\n<\/ul>\n<p>\n<\/div><\/div><div class=\"side-featured-wrapper fss-organic-1-rotate kd-animated fadeInRight fss-shadow-image\" data-animation-delay=\"200\">\r\n      <div class=\"featured-image\"><img loading=\"lazy\" decoding=\"async\" width=\"1000\" height=\"667\" src=\"https:\/\/alqabida.com.tr\/wp-content\/uploads\/2024\/06\/a354b5870b.jpg\" class=\"attachment-full\" alt=\"\" title=\"a354b5870b\" srcset=\"https:\/\/alqabida.com.tr\/wp-content\/uploads\/2024\/06\/a354b5870b.jpg 1000w, https:\/\/alqabida.com.tr\/wp-content\/uploads\/2024\/06\/a354b5870b-300x200.jpg 300w, https:\/\/alqabida.com.tr\/wp-content\/uploads\/2024\/06\/a354b5870b-768x512.jpg 768w, https:\/\/alqabida.com.tr\/wp-content\/uploads\/2024\/06\/a354b5870b-800x534.jpg 800w\" sizes=\"auto, (max-width: 1000px) 100vw, 1000px\" \/><\/div>\r\n    <\/div><\/div>\r\n            <\/section>\r\n            <\/div><style type=\"text\/css\"><\/style><\/div><\/div><\/div><\/div><div data-vc-full-width=\"true\" data-vc-full-width-init=\"false\" class=\"vc_row wpb_row vc_row-fluid\"><div class=\"wpb_column vc_column_container vc_col-sm-12\"><div class=\"vc_column-inner vc_custom_1516009024901\"><div class=\"wpb_wrapper\"><div class=\"vc_row wpb_row vc_inner vc_row-fluid\"><div class=\"wpb_column vc_column_container vc_col-sm-12\"><div class=\"vc_column-inner\"><div class=\"wpb_wrapper\"><header class=\"kd-section-title col-lg-12 text-center  kd-animated fadeIn   vc_custom_1717417538690\" data-animation-delay=\"200\"><h2 class=\"separator_off\" >Temel de\u011ferler<\/h2><\/header><\/div><\/div><\/div><\/div><div class=\"vc_row wpb_row vc_inner vc_row-fluid vc_custom_1555687983632 vc_row-has-padding-top vc_row-has-padding-bottom\"><div class=\"wpb_column vc_column_container vc_col-sm-3\"><div class=\"vc_column-inner vc_custom_1516009093233\"><div class=\"wpb_wrapper\"><div class=\"key-icon-box icon-default icon-top cont-center ib-hover-1  kd-animated fadeInUp\" style=\"background-color: transparent;\" ><div class=\"ib-wrapper\"><i class=\"iconsmind-Diamond iconsmind-Business-Finance\" style=\" \"><\/i> <h6 class=\"service-heading\" >Kalite<\/h6><p >Projelerinizin ba\u015far\u0131s\u0131n\u0131 garantilemek i\u00e7in yaln\u0131zca en iyi malzeme ve ekipman\u0131 sa\u011fl\u0131yoruz.<\/p><\/div><\/div><\/div><\/div><\/div><div class=\"wpb_column vc_column_container vc_col-sm-3\"><div class=\"vc_column-inner vc_custom_1516009109505\"><div class=\"wpb_wrapper\"><div class=\"key-icon-box icon-default icon-top cont-center ib-hover-1  kd-animated fadeInUp\" style=\"background-color: transparent;\" data-animation-delay=\"200\"><div class=\"ib-wrapper\"><i class=\"iconsmind-Business-ManWoman iconsmind-People\" style=\" \"><\/i> <h6 class=\"service-heading\" >G\u00fcvenilirlik<\/h6><p >M\u00fc\u015fterilerimiz zaman\u0131nda teslimat ve tutarl\u0131 kalite konusunda bize g\u00fcvenebilirler.<\/p><\/div><\/div><\/div><\/div><\/div><div class=\"wpb_column vc_column_container vc_col-sm-3\"><div class=\"vc_column-inner vc_custom_1516009124658\"><div class=\"wpb_wrapper\"><div class=\"key-icon-box icon-default icon-top cont-center ib-hover-1  kd-animated fadeInUp\" style=\"background-color: transparent;\" data-animation-delay=\"400\"><div class=\"ib-wrapper\"><i class=\"iconsmind-Handshake iconsmind-Business-Finance\" style=\" \"><\/i> <h6 class=\"service-heading\" >Ba\u011fl\u0131l\u0131k<\/h6><p >M\u00fc\u015fterilerimizin ihtiya\u00e7lar\u0131n\u0131 ola\u011fan\u00fcst\u00fc hizmetle kar\u015f\u0131lamaya kendimizi adad\u0131k.<\/p><\/div><\/div><\/div><\/div><\/div><div class=\"wpb_column vc_column_container vc_col-sm-3\"><div class=\"vc_column-inner vc_custom_1516009131818\"><div class=\"wpb_wrapper\"><div class=\"key-icon-box icon-default icon-top cont-center ib-hover-1  kd-animated fadeInUp\" style=\"background-color: transparent;\" data-animation-delay=\"600\"><div class=\"ib-wrapper\"><i class=\"iconsmind-Network iconsmind-People\" style=\" \"><\/i> <h6 class=\"service-heading\" >B\u00fct\u00fcnl\u00fck<\/h6><p >\u0130\u015fimizi en y\u00fcksek etik standartlarla y\u00fcr\u00fct\u00fcyoruz, t\u00fcm etkile\u015fimlerimizde adalet ve d\u00fcr\u00fcstl\u00fc\u011f\u00fc sa\u011fl\u0131yoruz.<\/p><\/div><\/div><\/div><\/div><\/div><\/div><\/div><\/div><\/div><\/div><div class=\"vc_row-full-width vc_clearfix\"><\/div>\n<\/div>","protected":false},"excerpt":{"rendered":"Planning and design About UsAt Al Qabida, we are dedicated to supplying top-quality construction materials and equipment to meet the [...]","protected":false},"author":1,"featured_media":7513,"parent":0,"menu_order":0,"comment_status":"closed","ping_status":"closed","template":"","meta":{"footnotes":""},"class_list":["post-5720","page","type-page","status-publish","has-post-thumbnail","hentry"],"_links":{"self":[{"href":"https:\/\/alqabida.com.tr\/tr\/wp-json\/wp\/v2\/pages\/5720","targetHints":{"allow":["GET"]}}],"collection":[{"href":"https:\/\/alqabida.com.tr\/tr\/wp-json\/wp\/v2\/pages"}],"about":[{"href":"https:\/\/alqabida.com.tr\/tr\/wp-json\/wp\/v2\/types\/page"}],"author":[{"embeddable":true,"href":"https:\/\/alqabida.com.tr\/tr\/wp-json\/wp\/v2\/users\/1"}],"replies":[{"embeddable":true,"href":"https:\/\/alqabida.com.tr\/tr\/wp-json\/wp\/v2\/comments?post=5720"}],"version-history":[{"count":5,"href":"https:\/\/alqabida.com.tr\/tr\/wp-json\/wp\/v2\/pages\/5720\/revisions"}],"predecessor-version":[{"id":7524,"href":"https:\/\/alqabida.com.tr\/tr\/wp-json\/wp\/v2\/pages\/5720\/revisions\/7524"}],"wp:featuredmedia":[{"embeddable":true,"href":"https:\/\/alqabida.com.tr\/tr\/wp-json\/wp\/v2\/media\/7513"}],"wp:attachment":[{"href":"https:\/\/alqabida.com.tr\/tr\/wp-json\/wp\/v2\/media?parent=5720"}],"curies":[{"name":"wp","href":"https:\/\/api.w.org\/{rel}","templated":true}]}}