{"id":5752,"date":"2018-10-22T13:48:34","date_gmt":"2018-10-22T13:48:34","guid":{"rendered":"https:\/\/www.ekko-wp.com\/?page_id=5752"},"modified":"2024-06-04T12:55:50","modified_gmt":"2024-06-04T12:55:50","slug":"contact-us","status":"publish","type":"page","link":"https:\/\/alqabida.com.tr\/tr\/contact-us\/","title":{"rendered":"\u0130leti\u015fim"},"content":{"rendered":"<div class=\"wpb-content-wrapper\"><div data-vc-full-width=\"true\" data-vc-full-width-init=\"false\" class=\"vc_row wpb_row vc_row-fluid vc_custom_1556019931157\"><div class=\"wpb_column vc_column_container vc_col-sm-12\"><div class=\"vc_column-inner vc_custom_1516095762744\"><div class=\"wpb_wrapper\"><div class=\"vc_row wpb_row vc_inner vc_row-fluid vc_custom_1553094069853 vc_row-has-padding-top vc_row-has-padding-bottom\"><div class=\"wpb_column vc_column_container vc_col-sm-6\"><div class=\"vc_column-inner vc_custom_1717505680193\"><div class=\"wpb_wrapper\"><h3 style=\"text-align: left\" class=\"vc_custom_heading vc_do_custom_heading wpb_animate_when_almost_visible wpb_fadeIn fadeIn\" >Haseki Sultan Mah. Turgut \u00d6zal Millet Cad. \u0130nan \u0130\u015f Han\u0131 No: 11\/204 Fatih \/ \u0130stanbul<\/h3><h5 style=\"text-align: left\" class=\"vc_custom_heading vc_do_custom_heading wpb_animate_when_almost_visible wpb_fadeIn fadeIn vc_custom_1717499974166\" ><a href=\"mailto:info@alqabida.com.tr\">E-posta: info@alqabida.com.tr<\/a><\/h5><h5 style=\"text-align: left\" class=\"vc_custom_heading vc_do_custom_heading wpb_animate_when_almost_visible wpb_fadeIn fadeIn vc_custom_1717499980264\" ><a href=\"tel:+90%20537%20310%202128\">+90 537 310 2128<\/a><\/h5><h5 style=\"text-align: left\" class=\"vc_custom_heading vc_do_custom_heading wpb_animate_when_almost_visible wpb_fadeIn fadeIn\" ><a href=\"tel:+90%20534%20044%203555\">+90 534 044 3555<\/a><\/h5><h6 style=\"text-align: left\" class=\"vc_custom_heading vc_do_custom_heading wpb_animate_when_almost_visible wpb_fadeIn fadeIn\" >\u0130stedi\u011finiz zaman bizi aray\u0131n veya u\u011fray\u0131n, elimizden geleni yapar\u0131z<br \/>\nT\u00fcm sorular\u0131 i\u015f g\u00fcnlerinde 24 saat i\u00e7inde yan\u0131tlay\u0131n.<\/h6><\/div><\/div><\/div><div class=\"wpb_column vc_column_container vc_col-sm-6\"><div class=\"vc_column-inner vc_custom_1553094105637\"><div class=\"wpb_wrapper\"><div class=\"kd-contact-form full-width-cf   kd-animated fadeIn\" data-animation-delay=\"200\">\n<div class=\"wpcf7 no-js\" id=\"wpcf7-f5208-o1\" lang=\"en-US\" dir=\"ltr\" data-wpcf7-id=\"5208\">\n<div class=\"screen-reader-response\"><p role=\"status\" aria-live=\"polite\" aria-atomic=\"true\"><\/p> <ul><\/ul><\/div>\n<form action=\"\/tr\/wp-json\/wp\/v2\/pages\/5752#wpcf7-f5208-o1\" method=\"post\" class=\"wpcf7-form init\" aria-label=\"Contact form\" novalidate=\"novalidate\" data-status=\"init\" data-trp-original-action=\"\/tr\/wp-json\/wp\/v2\/pages\/5752#wpcf7-f5208-o1\">\n<fieldset class=\"hidden-fields-container\"><input type=\"hidden\" name=\"_wpcf7\" value=\"5208\" \/><input type=\"hidden\" name=\"_wpcf7_version\" value=\"6.1.3\" \/><input type=\"hidden\" name=\"_wpcf7_locale\" value=\"en_US\" \/><input type=\"hidden\" name=\"_wpcf7_unit_tag\" value=\"wpcf7-f5208-o1\" \/><input type=\"hidden\" name=\"_wpcf7_container_post\" value=\"0\" \/><input type=\"hidden\" name=\"_wpcf7_posted_data_hash\" value=\"\" \/><input type=\"hidden\" name=\"_wpcf7_recaptcha_response\" value=\"\" \/>\n<\/fieldset>\n<p><span class=\"wpcf7-form-control-wrap\" data-name=\"your-name\"><input size=\"40\" maxlength=\"400\" class=\"wpcf7-form-control wpcf7-text wpcf7-validates-as-required\" aria-required=\"true\" aria-invalid=\"false\" placeholder=\"Ad\u0131n\u0131z\" value=\"\" type=\"text\" name=\"your-name\" \/><\/span><br \/>\n<span class=\"wpcf7-form-control-wrap\" data-name=\"your-email\"><input size=\"40\" maxlength=\"400\" class=\"wpcf7-form-control wpcf7-email wpcf7-validates-as-required wpcf7-text wpcf7-validates-as-email\" aria-required=\"true\" aria-invalid=\"false\" placeholder=\"E-posta adresiniz\" value=\"\" type=\"email\" name=\"your-email\" \/><\/span><br \/>\n<span class=\"wpcf7-form-control-wrap\" data-name=\"your-phone\"><input size=\"40\" maxlength=\"400\" class=\"wpcf7-form-control wpcf7-tel wpcf7-validates-as-required wpcf7-text wpcf7-validates-as-tel\" aria-required=\"true\" aria-invalid=\"false\" placeholder=\"Telefon\" value=\"\" type=\"tel\" name=\"your-phone\" \/><\/span><br \/>\n<span class=\"wpcf7-form-control-wrap\" data-name=\"your-message\"><textarea cols=\"40\" rows=\"10\" maxlength=\"2000\" class=\"wpcf7-form-control wpcf7-textarea\" aria-invalid=\"false\" placeholder=\"Mesaj\u0131n\" name=\"your-message\"><\/textarea><\/span><br \/>\n<span class=\"wpcf7-form-control-wrap\" data-name=\"acceptance-4\"><span class=\"wpcf7-form-control wpcf7-acceptance\"><span class=\"wpcf7-list-item\"><label><input type=\"checkbox\" name=\"acceptance-4\" value=\"1\" aria-invalid=\"false\" \/><span class=\"wpcf7-list-item-label\">Okudum ve onayl\u0131yorum <a href=\"\/tr\/privacy-policy\/\" target=\"_blank\">Gizlilik Politikas\u0131<\/a><\/span><\/label><\/span><\/span><\/span><br \/>\n<input class=\"wpcf7-form-control wpcf7-submit has-spinner\" type=\"submit\" value=\"G\u00f6ndermek\" \/>\n<\/p><div class=\"wpcf7-response-output\" aria-hidden=\"true\"><\/div>\n<input type=\"hidden\" name=\"trp-form-language\" value=\"tr\"\/><\/form>\n<\/div>\n<\/div><\/div><\/div><\/div><\/div><\/div><\/div><\/div><\/div><div class=\"vc_row-full-width vc_clearfix\"><\/div><div data-vc-full-width=\"true\" data-vc-full-width-init=\"false\" data-vc-stretch-content=\"true\" class=\"vc_row wpb_row vc_row-fluid vc_row-no-padding\"><div class=\"wpb_column vc_column_container vc_col-sm-12\"><div class=\"vc_column-inner\"><div class=\"wpb_wrapper\"><script>\r\n\r\n                    function initKdMap_kd69de05aa22372() {\r\n                      var map_kd69de05aa22372;\r\n        \t\t\t\t\t\t\tvar gmap_location_kd69de05aa22372 = new google.maps.LatLng(41.0096511, 28.947076);\r\n        \t\t\t\t\t\t\tvar GMAP_MODULE_kd69de05aa22372 = \"customMap\";\r\n      \t\t\t\t\t\t\t\tvar featureOpts = [\r\n      \t\t\t\t\t\t\t\t\t\t\t{\r\n      \t\t\t\t\t\t\t\t\t\t\t  stylers: [\r\n      \t\t\t\t\t\t\t\t\t\t\t\t{ \"visibility\": \"on\" },\r\n      \t\t\t\t\t\t\t\t\t\t\t\t{ \"weight\": 1 },\r\n      \t\t\t\t\t\t\t\t\t\t\t\t{ \"saturation\": -100 },\r\n      \t\t\t\t\t\t\t\t\t\t\t\t{ \"lightness\": 2.2 },\r\n      \t\t\t\t\t\t\t\t\t\t\t\t{ \"gamma\": 2.2 }\r\n      \t\t\t\t\t\t\t\t\t\t\t  ]\r\n      \t\t\t\t\t\t\t\t\t\t\t}, {\r\n                                featureType: \"poi\",\r\n                                stylers: [\r\n                                  { \"visibility\": \"off\" }\r\n                                ]\r\n                              }\r\n      \t\t\t\t\t\t\t\t\t\t];\r\n      \t\t\t\t\t\t\t\tvar mapOptions = {\r\n      \t\t\t\t\t\t\t\t\tzoom: 15,\r\n      \t\t\t\t\t\t\t\t\tcenter: gmap_location_kd69de05aa22372,\r\n                        scrollwheel: false,\r\n      \t\t\t\t\t\t\t\t\tmapTypeControlOptions: {\r\n      \t\t\t\t\t\t\t\t\t\tmapTypeIds: [google.maps.MapTypeId.ROADMAP, GMAP_MODULE_kd69de05aa22372]\r\n      \t\t\t\t\t\t\t\t\t},\r\n      \t\t\t\t\t\t\t\t\tmapTypeId: GMAP_MODULE_kd69de05aa22372\r\n      \t\t\t\t\t\t\t\t};\r\n      \t\t\t\t\t\t\t\tmap_kd69de05aa22372 = new google.maps.Map(document.getElementById(\"kd69de05aa22372\"), mapOptions);\r\n      \t\t\t\t\t\t\t\tmarker_kd69de05aa22372 = new google.maps.Marker({\r\n      \t\t\t\t\t\t\t\t\tmap: map_kd69de05aa22372,\r\n      \t\t\t\t\t\t\t\t\tdraggable: false,\r\n      \t\t\t\t\t\t\t\t\tanimation: google.maps.Animation.DROP,\r\n      \t\t\t\t\t\t\t\t\tposition: gmap_location_kd69de05aa22372,\r\n      \t\t\t\t\t\t\t\t\ticon: \"https:\/\/www.ekko-wp.com\/wp-content\/uploads\/sites\/3\/2018\/10\/map-marker.png\"\r\n      \t\t\t\t\t\t\t\t  });\r\n      \t\t\t\t\t\t\t\tgoogle.maps.event.addListener(marker_kd69de05aa22372, \"click\", function() {\r\n      \t\t\t\t\t\t\t\t\tif (marker_kd69de05aa22372.getAnimation() != null) {\r\n      \t\t\t\t\t\t\t\t\t\tmarker_kd69de05aa22372.setAnimation(null);\r\n      \t\t\t\t\t\t\t\t\t} else {\r\n      \t\t\t\t\t\t\t\t\t\tmarker_kd69de05aa22372.setAnimation(google.maps.Animation.BOUNCE);\r\n      \t\t\t\t\t\t\t\t\t}\r\n      \t\t\t\t\t\t\t\t});\r\n      \t\t\t\t\t\t\t\tvar styledMapOptions = {\r\n      \t\t\t\t\t\t\t\t\tname: \"ekko Map3\"\r\n      \t\t\t\t\t\t\t\t};\r\n      \t\t\t\t\t\t\t\tvar customMapType_kd69de05aa22372 = new google.maps.StyledMapType(featureOpts, styledMapOptions);\r\n      \t\t\t\t\t\t\t\tmap_kd69de05aa22372.mapTypes.set(GMAP_MODULE_kd69de05aa22372, customMapType_kd69de05aa22372);\r\n                      }\r\n                      jQuery(window).on(\"load\", function() {\r\n                        initKdMap_kd69de05aa22372();\r\n                      });\r\n      \t\t\t\t\t\t<\/script><div class=\"contact-map-container hidden_info_panel\" style=\"height: 560px;\"><div id=\"kd69de05aa22372\" class=\"kd_map\" style=\"height: 560px;\"><\/div>\r\n\r\n            <\/div><\/div><\/div><\/div><\/div><div class=\"vc_row-full-width vc_clearfix\"><\/div>\n<\/div>","protected":false},"excerpt":{"rendered":"Haseki Sultan Mah. Turgut \u00d6zal Millet Cad. \u0130nan \u0130\u015f Han\u0131 No: 11\/204 Fatih \/ \u0130stanbulEmail: info@alqabida.com.tr+90 537 310 2128+90 534 [...]","protected":false},"author":1,"featured_media":7476,"parent":0,"menu_order":0,"comment_status":"closed","ping_status":"closed","template":"","meta":{"footnotes":""},"class_list":["post-5752","page","type-page","status-publish","has-post-thumbnail","hentry"],"_links":{"self":[{"href":"https:\/\/alqabida.com.tr\/tr\/wp-json\/wp\/v2\/pages\/5752","targetHints":{"allow":["GET"]}}],"collection":[{"href":"https:\/\/alqabida.com.tr\/tr\/wp-json\/wp\/v2\/pages"}],"about":[{"href":"https:\/\/alqabida.com.tr\/tr\/wp-json\/wp\/v2\/types\/page"}],"author":[{"embeddable":true,"href":"https:\/\/alqabida.com.tr\/tr\/wp-json\/wp\/v2\/users\/1"}],"replies":[{"embeddable":true,"href":"https:\/\/alqabida.com.tr\/tr\/wp-json\/wp\/v2\/comments?post=5752"}],"version-history":[{"count":6,"href":"https:\/\/alqabida.com.tr\/tr\/wp-json\/wp\/v2\/pages\/5752\/revisions"}],"predecessor-version":[{"id":7529,"href":"https:\/\/alqabida.com.tr\/tr\/wp-json\/wp\/v2\/pages\/5752\/revisions\/7529"}],"wp:featuredmedia":[{"embeddable":true,"href":"https:\/\/alqabida.com.tr\/tr\/wp-json\/wp\/v2\/media\/7476"}],"wp:attachment":[{"href":"https:\/\/alqabida.com.tr\/tr\/wp-json\/wp\/v2\/media?parent=5752"}],"curies":[{"name":"wp","href":"https:\/\/api.w.org\/{rel}","templated":true}]}}