{"id":7470,"date":"2024-06-03T12:55:25","date_gmt":"2024-06-03T12:55:25","guid":{"rendered":"https:\/\/alqabida.com.tr\/?page_id=7470"},"modified":"2024-06-06T10:49:09","modified_gmt":"2024-06-06T10:49:09","slug":"construction-materials","status":"publish","type":"page","link":"https:\/\/alqabida.com.tr\/tr\/construction-materials\/","title":{"rendered":"\u0130n\u015faat malzemeleri"},"content":{"rendered":"<div class=\"wpb-content-wrapper\"><div class=\"vc_row wpb_row vc_row-fluid vc_custom_1556018461316 vc_row-has-padding-top vc_row-has-padding-bottom\"><div class=\"wpb_column vc_column_container vc_col-sm-12\"><div class=\"vc_column-inner\"><div class=\"wpb_wrapper\"><div class=\"feature-sections-wrapper kd-fsp-69de03b188212\">\r\n            <section class=\"feature-sections-tabs\">\r\n              <nav class=\"kd-feature-tabs\">\r\n                <ul class=\"nav nav-tabs sticky-tabs container\">\r\n                <\/ul>\r\n              <\/nav>\r\n            <\/section>\r\n            <section id=\"kd-fss-69de03b1882c8\" class=\"featured-right\"><li class=\"nav-label\"><a class=\"feature-tabs-scroll\" href=\"#kd-fss-69de03b1882c8\"><i class=\"iconsmind-Crane iconsmind-Industry fss-nav-icon\" style=\" \"><\/i> \u0130n\u015faat malzemeleri<\/a><\/li><div class=\"container\">\r\n                <div class=\"side-content-wrapper kd-animated fadeInLeft\" data-animation-delay=\"200\"><i class=\"iconsmind-Crane iconsmind-Industry section-icon\" style=\" \"><\/i> <h2 class=\"side-content-title\" >Her Projeye Uygun Y\u00fcksek Kaliteli \u0130n\u015faat Malzemeleri<\/h2><h6 class=\"side-content-subtitle\" >Al Qabida olarak ba\u015far\u0131l\u0131 bir in\u015faat projesinin temelinin kullan\u0131lan malzemelerin kalitesinde yatt\u0131\u011f\u0131n\u0131 biliyoruz. Bu nedenle end\u00fcstrinin kat\u0131 standartlar\u0131n\u0131 kar\u015f\u0131layan geni\u015f bir yelpazede y\u00fcksek kaliteli in\u015faat malzemeleri sunmaya kendimizi adad\u0131k.<\/h6><\/div><div class=\"side-featured-wrapper fss-rectangle kd-animated fadeInRight fss-shadow-image\" data-animation-delay=\"200\">\r\n      <div class=\"featured-image\"><img loading=\"lazy\" decoding=\"async\" width=\"1000\" height=\"667\" src=\"https:\/\/alqabida.com.tr\/wp-content\/uploads\/2024\/06\/markus-winkler-HtLkTOr_DQc-unsplash.jpg\" class=\"attachment-full\" alt=\"\" title=\"markus-winkler-HtLkTOr_DQc-unsplash\" srcset=\"https:\/\/alqabida.com.tr\/wp-content\/uploads\/2024\/06\/markus-winkler-HtLkTOr_DQc-unsplash.jpg 1000w, https:\/\/alqabida.com.tr\/wp-content\/uploads\/2024\/06\/markus-winkler-HtLkTOr_DQc-unsplash-800x534.jpg 800w, https:\/\/alqabida.com.tr\/wp-content\/uploads\/2024\/06\/markus-winkler-HtLkTOr_DQc-unsplash-300x200.jpg 300w, https:\/\/alqabida.com.tr\/wp-content\/uploads\/2024\/06\/markus-winkler-HtLkTOr_DQc-unsplash-768x512.jpg 768w\" sizes=\"auto, (max-width: 1000px) 100vw, 1000px\" \/><\/div>\r\n    <\/div><\/div>\r\n            <\/section><section id=\"kd-fss-69de03b188a53\" class=\"featured-left\"><li class=\"nav-label\"><a class=\"feature-tabs-scroll\" href=\"#kd-fss-69de03b188a53\"><i class=\"iconsmind-Helmet-2 iconsmind-Industry fss-nav-icon\" style=\" \"><\/i> \u00dcr\u00fcn yelpazesi<\/a><\/li><div class=\"container\">\r\n                <div class=\"side-content-wrapper kd-animated fadeInRight\" data-animation-delay=\"200\"><i class=\"iconsmind-Helmet-2 iconsmind-Industry section-icon\" style=\" \"><\/i> <h2 class=\"side-content-title\" >\u00dcr\u00fcn yelpazesi<\/h2><div class=\"side-content-text\" ><\/p>\n<ul>\n<li><strong>\u00c7imento ve Beton:<\/strong> T\u00fcm in\u015faat ihtiya\u00e7lar\u0131 i\u00e7in y\u00fcksek kaliteli \u00e7imento ve beton kar\u0131\u015f\u0131mlar\u0131.<\/li>\n<li><strong>\u00c7elik ve \u0130n\u015faat Demiri:<\/strong> Betonarme i\u00e7in in\u015faat demiri de dahil olmak \u00fczere dayan\u0131kl\u0131 ve g\u00fc\u00e7l\u00fc \u00e7elik \u00fcr\u00fcnler.<\/li>\n<li><strong>Tu\u011flalar ve Bloklar:<\/strong> Sa\u011flam ve sa\u011flam yap\u0131lar i\u00e7in y\u00fcksek mukavemetli tu\u011flalar ve bloklar.<\/li>\n<li><strong>Yal\u0131t\u0131m Malzemeleri:<\/strong> Enerji verimlili\u011fi ve konfor i\u00e7in geli\u015fmi\u015f yal\u0131t\u0131m malzemeleri.<\/li>\n<li><strong>Al\u00e7\u0131 ve Al\u00e7\u0131pan:<\/strong> P\u00fcr\u00fczs\u00fcz ve dayan\u0131kl\u0131 y\u00fczeyler i\u00e7in kaliteli s\u0131va ve al\u00e7\u0131pan \u00fcr\u00fcnleri.<\/li>\n<li><strong>Kereste ve Kontrplak:<\/strong> \u00c7e\u015fitli in\u015faat uygulamalar\u0131 i\u00e7in \u00e7ok y\u00f6nl\u00fc ah\u015fap ve kontrplak.<\/li>\n<li><strong>D\u00f6\u015feme ve Fayans:<\/strong> Estetik ve i\u015flevsel ama\u00e7lara y\u00f6nelik, fayanslar da dahil olmak \u00fczere \u00e7e\u015fitli zemin kaplama \u00e7\u00f6z\u00fcmleri.<\/li>\n<\/ul>\n<p>\n<\/div><\/div><div class=\"side-featured-wrapper fss-rectangle kd-animated fadeInLeft fss-shadow-image\" data-animation-delay=\"200\">\r\n      <div class=\"featured-image\"><img loading=\"lazy\" decoding=\"async\" width=\"1000\" height=\"662\" src=\"https:\/\/alqabida.com.tr\/wp-content\/uploads\/2024\/06\/etienne-girardet-sgYamIzhAhg-unsplash.jpg\" class=\"attachment-full\" alt=\"\" title=\"etienne-girardet-sgYamIzhAhg-unsplash\" srcset=\"https:\/\/alqabida.com.tr\/wp-content\/uploads\/2024\/06\/etienne-girardet-sgYamIzhAhg-unsplash.jpg 1000w, https:\/\/alqabida.com.tr\/wp-content\/uploads\/2024\/06\/etienne-girardet-sgYamIzhAhg-unsplash-800x530.jpg 800w, https:\/\/alqabida.com.tr\/wp-content\/uploads\/2024\/06\/etienne-girardet-sgYamIzhAhg-unsplash-300x199.jpg 300w, https:\/\/alqabida.com.tr\/wp-content\/uploads\/2024\/06\/etienne-girardet-sgYamIzhAhg-unsplash-768x508.jpg 768w\" sizes=\"auto, (max-width: 1000px) 100vw, 1000px\" \/><\/div>\r\n    <\/div><\/div>\r\n            <\/section><section id=\"kd-fss-69de03b188e32\" class=\"featured-right\"><li class=\"nav-label\"><a class=\"feature-tabs-scroll\" href=\"#kd-fss-69de03b188e32\"><i class=\"iconsmind-Power-Station iconsmind-Industry fss-nav-icon\" style=\" \"><\/i> Neden Al Qabida&#039;y\u0131 Se\u00e7melisiniz?<\/a><\/li><div class=\"container\">\r\n                <div class=\"side-content-wrapper kd-animated fadeInLeft\" data-animation-delay=\"200\"><i class=\"iconsmind-Power-Station iconsmind-Industry section-icon\" style=\" \"><\/i> <h2 class=\"side-content-title\" >Neden Al Qabida&#039;y\u0131 Se\u00e7melisiniz?<\/h2><div class=\"side-content-text\" ><\/p>\n<ul>\n<li><strong>Kalite g\u00fcvencesi:<\/strong> T\u00fcm malzemelerimiz sayg\u0131n \u00fcreticilerden temin edilmektedir ve uluslararas\u0131 kalite standartlar\u0131n\u0131 kar\u015f\u0131lamaktad\u0131r.<\/li>\n<li><strong>Geni\u015f Se\u00e7im:<\/strong> Her t\u00fcrl\u00fc in\u015faat projesinin farkl\u0131 ihtiya\u00e7lar\u0131n\u0131 kar\u015f\u0131layacak kapsaml\u0131 bir malzeme yelpazesi.<\/li>\n<li><strong>Uzman tavsiyesi:<\/strong> Bilgili ekibimiz, projeniz i\u00e7in do\u011fru malzemeleri alman\u0131z\u0131 sa\u011flamak i\u00e7in her zaman rehberlik ve \u00f6neriler sa\u011flamaya haz\u0131rd\u0131r.<\/li>\n<li><strong>Zaman\u0131nda Teslimat:<\/strong> Malzemelerinizin ihtiya\u00e7 duydu\u011funuz anda sahaya ula\u015fmas\u0131n\u0131 sa\u011flayan verimli lojistik.<\/li>\n<\/ul>\n<p>\n<\/div><\/div><div class=\"side-featured-wrapper fss-rectangle kd-animated fadeInRight fss-shadow-image\" data-animation-delay=\"200\">\r\n      <div class=\"featured-image\"><img loading=\"lazy\" decoding=\"async\" width=\"1000\" height=\"667\" src=\"https:\/\/alqabida.com.tr\/wp-content\/uploads\/2024\/06\/frames-for-your-heart-VoI2jd75M6Q-unsplash.jpg\" class=\"attachment-full\" alt=\"\" title=\"kalbiniz i\u00e7in karelerVoI2jd75M6Q-unsplash\" srcset=\"https:\/\/alqabida.com.tr\/wp-content\/uploads\/2024\/06\/frames-for-your-heart-VoI2jd75M6Q-unsplash.jpg 1000w, https:\/\/alqabida.com.tr\/wp-content\/uploads\/2024\/06\/frames-for-your-heart-VoI2jd75M6Q-unsplash-800x534.jpg 800w, https:\/\/alqabida.com.tr\/wp-content\/uploads\/2024\/06\/frames-for-your-heart-VoI2jd75M6Q-unsplash-300x200.jpg 300w, https:\/\/alqabida.com.tr\/wp-content\/uploads\/2024\/06\/frames-for-your-heart-VoI2jd75M6Q-unsplash-768x512.jpg 768w\" sizes=\"auto, (max-width: 1000px) 100vw, 1000px\" \/><\/div>\r\n    <\/div><\/div>\r\n            <\/section>\r\n            <\/div><style type=\"text\/css\"><\/style><\/div><\/div><\/div><\/div><div data-vc-full-width=\"true\" data-vc-full-width-init=\"false\" data-vc-kd-parallax=\"1.4\" class=\"vc_row wpb_row vc_row-fluid vc_custom_1717419857742 vc_row-has-fill vc_general kd_vc_parallax kd_vc_parallax-content-moving\"><div class=\"parallax-overlay\" data-vc-kd-parallax=\"1.4\"><\/div><div class=\"wpb_column vc_column_container vc_col-sm-12\"><div class=\"vc_column-inner vc_custom_1516095225433\"><div class=\"wpb_wrapper\"><div class=\"vc_row wpb_row vc_inner vc_row-fluid vc_custom_1555673013129 vc_row-has-padding-top vc_row-has-padding-bottom\"><div class=\"wpb_column vc_column_container vc_col-sm-1\"><div class=\"vc_column-inner vc_custom_1515166784808\"><div class=\"wpb_wrapper\"><\/div><\/div><\/div><div class=\"wpb_column vc_column_container vc_col-sm-4\"><div class=\"vc_column-inner\"><div class=\"wpb_wrapper\"><header class=\"kd-section-title col-lg-12 text-left  kd-animated fadeIn   vc_custom_1717419647460\" data-animation-delay=\"200\"><h2 class=\"separator_off\" style=\"color: #ffffff;\">Temasta olmak!<\/h2><h6 class=\"subtitle\" style=\"color: #eeeeee;\">\u00dcr\u00fcn ve hizmetlerimiz hakk\u0131nda detayl\u0131 bilgi almak i\u00e7in hemen bizimle ileti\u015fime ge\u00e7in.<\/h6><\/header><div class=\"vc_empty_space\"   style=\"height: 12px\"><span class=\"vc_empty_space_inner\"><\/span><\/div><a  href=\"\/tr\/contact-us\/\"  target=\"_self\"  title=\"\" class=\"tt_button tt_primary_button btn_primary_color  pull-left button-action-link\" ><span class=\"prim_text\">\u0130leti\u015fim<\/span><\/a><\/div><\/div><\/div><div class=\"wpb_column vc_column_container vc_col-sm-1\"><div class=\"vc_column-inner\"><div class=\"wpb_wrapper\"><\/div><\/div><\/div><div class=\"wpb_column vc_column_container vc_col-sm-5\"><div class=\"vc_column-inner\"><div class=\"wpb_wrapper\"><h4 style=\"color: #ffffff;text-align: left\" class=\"vc_custom_heading vc_do_custom_heading wpb_animate_when_almost_visible wpb_fadeIn fadeIn vc_custom_1717419660354\" >Bir mesaj g\u00f6ndermek<\/h4><div class=\"kd-contact-form full-width-cf white-input-bg\" >\n<div class=\"wpcf7 no-js\" id=\"wpcf7-f4439-o1\" lang=\"en-US\" dir=\"ltr\" data-wpcf7-id=\"4439\">\n<div class=\"screen-reader-response\"><p role=\"status\" aria-live=\"polite\" aria-atomic=\"true\"><\/p> <ul><\/ul><\/div>\n<form action=\"\/tr\/wp-json\/wp\/v2\/pages\/7470#wpcf7-f4439-o1\" method=\"post\" class=\"wpcf7-form init\" aria-label=\"Contact form\" novalidate=\"novalidate\" data-status=\"init\" data-trp-original-action=\"\/tr\/wp-json\/wp\/v2\/pages\/7470#wpcf7-f4439-o1\">\n<fieldset class=\"hidden-fields-container\"><input type=\"hidden\" name=\"_wpcf7\" value=\"4439\" \/><input type=\"hidden\" name=\"_wpcf7_version\" value=\"6.1.3\" \/><input type=\"hidden\" name=\"_wpcf7_locale\" value=\"en_US\" \/><input type=\"hidden\" name=\"_wpcf7_unit_tag\" value=\"wpcf7-f4439-o1\" \/><input type=\"hidden\" name=\"_wpcf7_container_post\" value=\"0\" \/><input type=\"hidden\" name=\"_wpcf7_posted_data_hash\" value=\"\" \/><input type=\"hidden\" name=\"_wpcf7_recaptcha_response\" value=\"\" \/>\n<\/fieldset>\n<p><span class=\"wpcf7-form-control-wrap\" data-name=\"your-name\"><input size=\"40\" maxlength=\"400\" class=\"wpcf7-form-control wpcf7-text wpcf7-validates-as-required\" aria-required=\"true\" aria-invalid=\"false\" placeholder=\"\u0130sim\" value=\"\" type=\"text\" name=\"your-name\" \/><\/span><br \/>\n<span class=\"wpcf7-form-control-wrap\" data-name=\"your-phone\"><input size=\"40\" maxlength=\"400\" class=\"wpcf7-form-control wpcf7-tel wpcf7-validates-as-required wpcf7-text wpcf7-validates-as-tel\" aria-required=\"true\" aria-invalid=\"false\" placeholder=\"Telefon\" value=\"\" type=\"tel\" name=\"your-phone\" \/><\/span><br \/>\n<span class=\"wpcf7-form-control-wrap\" data-name=\"your-email\"><input size=\"40\" maxlength=\"400\" class=\"wpcf7-form-control wpcf7-email wpcf7-validates-as-required wpcf7-text wpcf7-validates-as-email\" aria-required=\"true\" aria-invalid=\"false\" placeholder=\"E-posta\" value=\"\" type=\"email\" name=\"your-email\" \/><\/span><br \/>\n<span class=\"wpcf7-form-control-wrap\" data-name=\"acceptance-4\"><span class=\"wpcf7-form-control wpcf7-acceptance\"><span class=\"wpcf7-list-item\"><label><input type=\"checkbox\" name=\"acceptance-4\" value=\"1\" aria-invalid=\"false\" \/><span class=\"wpcf7-list-item-label\"><span class=\"whitetext\">Okudum ve onayl\u0131yorum <a href=\"\/tr\/privacy-policy\/\" target=\"_blank\">Gizlilik Politikas\u0131<\/span><\/a><\/span><\/label><\/span><\/span><\/span><br \/>\n<input class=\"wpcf7-form-control wpcf7-submit has-spinner\" type=\"submit\" value=\"G\u00f6ndermek\" \/>\n<\/p><div class=\"wpcf7-response-output\" aria-hidden=\"true\"><\/div>\n<input type=\"hidden\" name=\"trp-form-language\" value=\"tr\"\/><\/form>\n<\/div>\n<\/div><\/div><\/div><\/div><div class=\"wpb_column vc_column_container vc_col-sm-1\"><div class=\"vc_column-inner\"><div class=\"wpb_wrapper\"><\/div><\/div><\/div><\/div><\/div><\/div><\/div><\/div><div class=\"vc_row-full-width vc_clearfix\"><\/div>\n<\/div>","protected":false},"excerpt":{"rendered":"Construction Materials High-Quality Construction Materials for Every ProjectAt Al Qabida, we understand that the foundation of any successful construction project [...]","protected":false},"author":1,"featured_media":7476,"parent":0,"menu_order":0,"comment_status":"closed","ping_status":"closed","template":"","meta":{"footnotes":""},"class_list":["post-7470","page","type-page","status-publish","has-post-thumbnail","hentry"],"_links":{"self":[{"href":"https:\/\/alqabida.com.tr\/tr\/wp-json\/wp\/v2\/pages\/7470","targetHints":{"allow":["GET"]}}],"collection":[{"href":"https:\/\/alqabida.com.tr\/tr\/wp-json\/wp\/v2\/pages"}],"about":[{"href":"https:\/\/alqabida.com.tr\/tr\/wp-json\/wp\/v2\/types\/page"}],"author":[{"embeddable":true,"href":"https:\/\/alqabida.com.tr\/tr\/wp-json\/wp\/v2\/users\/1"}],"replies":[{"embeddable":true,"href":"https:\/\/alqabida.com.tr\/tr\/wp-json\/wp\/v2\/comments?post=7470"}],"version-history":[{"count":7,"href":"https:\/\/alqabida.com.tr\/tr\/wp-json\/wp\/v2\/pages\/7470\/revisions"}],"predecessor-version":[{"id":7644,"href":"https:\/\/alqabida.com.tr\/tr\/wp-json\/wp\/v2\/pages\/7470\/revisions\/7644"}],"wp:featuredmedia":[{"embeddable":true,"href":"https:\/\/alqabida.com.tr\/tr\/wp-json\/wp\/v2\/media\/7476"}],"wp:attachment":[{"href":"https:\/\/alqabida.com.tr\/tr\/wp-json\/wp\/v2\/media?parent=7470"}],"curies":[{"name":"wp","href":"https:\/\/api.w.org\/{rel}","templated":true}]}}