{"id":7481,"date":"2024-06-03T13:47:18","date_gmt":"2024-06-03T13:47:18","guid":{"rendered":"https:\/\/alqabida.com.tr\/?page_id=7481"},"modified":"2024-06-06T10:49:55","modified_gmt":"2024-06-06T10:49:55","slug":"generator-supply","status":"publish","type":"page","link":"https:\/\/alqabida.com.tr\/tr\/generator-supply\/","title":{"rendered":"Jenerat\u00f6r Temini"},"content":{"rendered":"<div class=\"wpb-content-wrapper\"><div class=\"vc_row wpb_row vc_row-fluid vc_custom_1556018461316 vc_row-has-padding-top vc_row-has-padding-bottom\"><div class=\"wpb_column vc_column_container vc_col-sm-12\"><div class=\"vc_column-inner\"><div class=\"wpb_wrapper\"><div class=\"feature-sections-wrapper kd-fsp-69e0090dda032\">\r\n            <section class=\"feature-sections-tabs\">\r\n              <nav class=\"kd-feature-tabs\">\r\n                <ul class=\"nav nav-tabs sticky-tabs container\">\r\n                <\/ul>\r\n              <\/nav>\r\n            <\/section>\r\n            <section id=\"kd-fss-69e0090dda105\" class=\"featured-right\"><li class=\"nav-label\"><a class=\"feature-tabs-scroll\" href=\"#kd-fss-69e0090dda105\"><i class=\"iconsmind-Crane iconsmind-Industry fss-nav-icon\" style=\" \"><\/i> Projelerinize G\u00fc\u00e7 Verecek G\u00fcvenilir Jenerat\u00f6rler<\/a><\/li><div class=\"container\">\r\n                <div class=\"side-content-wrapper kd-animated fadeInLeft\" data-animation-delay=\"200\"><i class=\"iconsmind-Crane iconsmind-Industry section-icon\" style=\" \"><\/i> <h2 class=\"side-content-title\" >Projelerinize G\u00fc\u00e7 Verecek G\u00fcvenilir Jenerat\u00f6rler<\/h2><h6 class=\"side-content-subtitle\" >G\u00fc\u00e7 g\u00fcvenilirli\u011fi herhangi bir in\u015faat projesinin ba\u015far\u0131s\u0131 i\u00e7in \u00e7ok \u00f6nemlidir. Al Qabida olarak, ko\u015fullar ne olursa olsun tesislerinizin \u00e7al\u0131\u015f\u0131r durumda ve verimli kalmas\u0131n\u0131 sa\u011flamak i\u00e7in geni\u015f bir jenerat\u00f6r yelpazesi sunuyoruz.<\/h6><\/div><div class=\"side-featured-wrapper fss-rectangle kd-animated fadeInRight fss-shadow-image\" data-animation-delay=\"200\">\r\n      <div class=\"featured-image\"><img loading=\"lazy\" decoding=\"async\" width=\"1000\" height=\"607\" src=\"https:\/\/alqabida.com.tr\/wp-content\/uploads\/2024\/06\/4c4eab4fe0.jpg\" class=\"attachment-full\" alt=\"\" title=\"4c4eab4fe0\" srcset=\"https:\/\/alqabida.com.tr\/wp-content\/uploads\/2024\/06\/4c4eab4fe0.jpg 1000w, https:\/\/alqabida.com.tr\/wp-content\/uploads\/2024\/06\/4c4eab4fe0-300x182.jpg 300w, https:\/\/alqabida.com.tr\/wp-content\/uploads\/2024\/06\/4c4eab4fe0-768x466.jpg 768w, https:\/\/alqabida.com.tr\/wp-content\/uploads\/2024\/06\/4c4eab4fe0-800x486.jpg 800w\" sizes=\"auto, (max-width: 1000px) 100vw, 1000px\" \/><\/div>\r\n    <\/div><\/div>\r\n            <\/section><section id=\"kd-fss-69e0090dda88b\" class=\"featured-left\"><li class=\"nav-label\"><a class=\"feature-tabs-scroll\" href=\"#kd-fss-69e0090dda88b\"><i class=\"iconsmind-Helmet-2 iconsmind-Industry fss-nav-icon\" style=\" \"><\/i> \u00dcr\u00fcn yelpazesi<\/a><\/li><div class=\"container\">\r\n                <div class=\"side-content-wrapper kd-animated fadeInRight\" data-animation-delay=\"200\"><i class=\"iconsmind-Helmet-2 iconsmind-Industry section-icon\" style=\" \"><\/i> <h2 class=\"side-content-title\" >\u00dcr\u00fcn yelpazesi<\/h2><div class=\"side-content-text\" ><\/p>\n<ul>\n<li><strong>Ta\u015f\u0131nabilir Jenerat\u00f6rler:<\/strong> Daha k\u00fc\u00e7\u00fck alanlar i\u00e7in veya yedek g\u00fc\u00e7 \u00e7\u00f6z\u00fcmleri olarak idealdir.<\/li>\n<li><strong>End\u00fcstriyel Jenerat\u00f6rler:<\/strong> B\u00fcy\u00fck in\u015faat projeleri ve s\u00fcrekli \u00e7al\u0131\u015fma i\u00e7in tasarlanm\u0131\u015f y\u00fcksek kapasiteli jenerat\u00f6rler.<\/li>\n<li><strong>Sessiz Jenerat\u00f6rler:<\/strong> Kentsel ve g\u00fcr\u00fclt\u00fcye duyarl\u0131 ortamlar i\u00e7in g\u00fcr\u00fclt\u00fcy\u00fc azaltan jenerat\u00f6rler.<\/li>\n<li><strong>Dizel ve Gaz Jenerat\u00f6rleri:<\/strong> \u00d6zel ihtiya\u00e7lar\u0131n\u0131z\u0131 kar\u015f\u0131lamak i\u00e7in dizel veya gazla \u00e7al\u0131\u015fan g\u00fcvenilir ve verimli jenerat\u00f6rler.<\/li>\n<li><strong>Otomatik Transfer Anahtarlar\u0131 (ATS):<\/strong> Elektrik kesintileri s\u0131ras\u0131nda operasyonlar\u0131n\u0131z\u0131n sorunsuz ilerlemesini sa\u011flamak i\u00e7in kusursuz g\u00fc\u00e7 aktar\u0131m\u0131 \u00e7\u00f6z\u00fcmleri.<\/li>\n<\/ul>\n<p>\n<\/div><\/div><div class=\"side-featured-wrapper fss-rectangle kd-animated fadeInLeft fss-shadow-image\" data-animation-delay=\"200\">\r\n      <div class=\"featured-image\"><img loading=\"lazy\" decoding=\"async\" width=\"1000\" height=\"667\" src=\"https:\/\/alqabida.com.tr\/wp-content\/uploads\/2024\/06\/714ae31ed8.jpg\" class=\"attachment-full\" alt=\"\" title=\"714ae31ed8\" srcset=\"https:\/\/alqabida.com.tr\/wp-content\/uploads\/2024\/06\/714ae31ed8.jpg 1000w, https:\/\/alqabida.com.tr\/wp-content\/uploads\/2024\/06\/714ae31ed8-300x200.jpg 300w, https:\/\/alqabida.com.tr\/wp-content\/uploads\/2024\/06\/714ae31ed8-768x512.jpg 768w, https:\/\/alqabida.com.tr\/wp-content\/uploads\/2024\/06\/714ae31ed8-800x534.jpg 800w\" sizes=\"auto, (max-width: 1000px) 100vw, 1000px\" \/><\/div>\r\n    <\/div><\/div>\r\n            <\/section><section id=\"kd-fss-69e0090ddac3c\" class=\"featured-right\"><li class=\"nav-label\"><a class=\"feature-tabs-scroll\" href=\"#kd-fss-69e0090ddac3c\"><i class=\"iconsmind-Power-Station iconsmind-Industry fss-nav-icon\" style=\" \"><\/i> Neden Al Qabida&#039;y\u0131 Se\u00e7melisiniz?<\/a><\/li><div class=\"container\">\r\n                <div class=\"side-content-wrapper kd-animated fadeInLeft\" data-animation-delay=\"200\"><i class=\"iconsmind-Power-Station iconsmind-Industry section-icon\" style=\" \"><\/i> <h2 class=\"side-content-title\" >Neden Al Qabida&#039;y\u0131 Se\u00e7melisiniz?<\/h2><div class=\"side-content-text\" ><\/p>\n<ul>\n<li><strong>G\u00fcvenilir performans:<\/strong> Jenerat\u00f6rlerimiz, dayan\u0131kl\u0131l\u0131klar\u0131 ve performanslar\u0131yla bilinen lider \u00fcreticilerden temin edilmektedir.<\/li>\n<li><strong>Kapsaml\u0131 Destek:<\/strong> Se\u00e7imden kuruluma kadar ekibimiz, ihtiya\u00e7lar\u0131n\u0131z i\u00e7in do\u011fru jenerat\u00f6re sahip olman\u0131z\u0131 sa\u011flamak i\u00e7in tam destek sa\u011flar.<\/li>\n<li><strong>Bak\u0131m hizmetleri:<\/strong> Jenerat\u00f6rlerinizi en iyi durumda tutmak ve ar\u0131za s\u00fcrelerini en aza indirmek i\u00e7in bak\u0131m hizmetleri sunuyoruz.<\/li>\n<li><strong>Rekabet\u00e7i Fiyatland\u0131rma:<\/strong> B\u00fct\u00e7enize uygun, rekabet\u00e7i fiyatlarla y\u00fcksek kaliteli jenerat\u00f6rler.<\/li>\n<\/ul>\n<p>\n<\/div><\/div><div class=\"side-featured-wrapper fss-rectangle kd-animated fadeInRight fss-shadow-image\" data-animation-delay=\"200\">\r\n      <div class=\"featured-image\"><img loading=\"lazy\" decoding=\"async\" width=\"1000\" height=\"667\" src=\"https:\/\/alqabida.com.tr\/wp-content\/uploads\/2024\/06\/frames-for-your-heart-VoI2jd75M6Q-unsplash.jpg\" class=\"attachment-full\" alt=\"\" title=\"kalbiniz i\u00e7in karelerVoI2jd75M6Q-unsplash\" srcset=\"https:\/\/alqabida.com.tr\/wp-content\/uploads\/2024\/06\/frames-for-your-heart-VoI2jd75M6Q-unsplash.jpg 1000w, https:\/\/alqabida.com.tr\/wp-content\/uploads\/2024\/06\/frames-for-your-heart-VoI2jd75M6Q-unsplash-800x534.jpg 800w, https:\/\/alqabida.com.tr\/wp-content\/uploads\/2024\/06\/frames-for-your-heart-VoI2jd75M6Q-unsplash-300x200.jpg 300w, https:\/\/alqabida.com.tr\/wp-content\/uploads\/2024\/06\/frames-for-your-heart-VoI2jd75M6Q-unsplash-768x512.jpg 768w\" sizes=\"auto, (max-width: 1000px) 100vw, 1000px\" \/><\/div>\r\n    <\/div><\/div>\r\n            <\/section>\r\n            <\/div><style type=\"text\/css\"><\/style><\/div><\/div><\/div><\/div><div data-vc-full-width=\"true\" data-vc-full-width-init=\"false\" data-vc-kd-parallax=\"1.4\" class=\"vc_row wpb_row vc_row-fluid vc_custom_1717419857742 vc_row-has-fill vc_general kd_vc_parallax kd_vc_parallax-content-moving\"><div class=\"parallax-overlay\" data-vc-kd-parallax=\"1.4\"><\/div><div class=\"wpb_column vc_column_container vc_col-sm-12\"><div class=\"vc_column-inner vc_custom_1516095225433\"><div class=\"wpb_wrapper\"><div class=\"vc_row wpb_row vc_inner vc_row-fluid vc_custom_1555673013129 vc_row-has-padding-top vc_row-has-padding-bottom\"><div class=\"wpb_column vc_column_container vc_col-sm-1\"><div class=\"vc_column-inner vc_custom_1515166784808\"><div class=\"wpb_wrapper\"><\/div><\/div><\/div><div class=\"wpb_column vc_column_container vc_col-sm-4\"><div class=\"vc_column-inner\"><div class=\"wpb_wrapper\"><header class=\"kd-section-title col-lg-12 text-left  kd-animated fadeIn   vc_custom_1717419647460\" data-animation-delay=\"200\"><h2 class=\"separator_off\" style=\"color: #ffffff;\">Temasta olmak!<\/h2><h6 class=\"subtitle\" style=\"color: #eeeeee;\">\u00dcr\u00fcn ve hizmetlerimiz hakk\u0131nda detayl\u0131 bilgi almak i\u00e7in hemen bizimle ileti\u015fime ge\u00e7in.<\/h6><\/header><div class=\"vc_empty_space\"   style=\"height: 12px\"><span class=\"vc_empty_space_inner\"><\/span><\/div><a  href=\"\/tr\/contact-us\/\"  target=\"_self\"  title=\"\" class=\"tt_button tt_primary_button btn_primary_color  pull-left button-action-link\" ><span class=\"prim_text\">\u0130leti\u015fim<\/span><\/a><\/div><\/div><\/div><div class=\"wpb_column vc_column_container vc_col-sm-1\"><div class=\"vc_column-inner\"><div class=\"wpb_wrapper\"><\/div><\/div><\/div><div class=\"wpb_column vc_column_container vc_col-sm-5\"><div class=\"vc_column-inner\"><div class=\"wpb_wrapper\"><h4 style=\"color: #ffffff;text-align: left\" class=\"vc_custom_heading vc_do_custom_heading wpb_animate_when_almost_visible wpb_fadeIn fadeIn vc_custom_1717419660354\" >Bir mesaj g\u00f6ndermek<\/h4><div class=\"kd-contact-form full-width-cf white-input-bg\" >\n<div class=\"wpcf7 no-js\" id=\"wpcf7-f4439-o1\" lang=\"en-US\" dir=\"ltr\" data-wpcf7-id=\"4439\">\n<div class=\"screen-reader-response\"><p role=\"status\" aria-live=\"polite\" aria-atomic=\"true\"><\/p> <ul><\/ul><\/div>\n<form action=\"\/tr\/wp-json\/wp\/v2\/pages\/7481#wpcf7-f4439-o1\" method=\"post\" class=\"wpcf7-form init\" aria-label=\"Contact form\" novalidate=\"novalidate\" data-status=\"init\" data-trp-original-action=\"\/tr\/wp-json\/wp\/v2\/pages\/7481#wpcf7-f4439-o1\">\n<fieldset class=\"hidden-fields-container\"><input type=\"hidden\" name=\"_wpcf7\" value=\"4439\" \/><input type=\"hidden\" name=\"_wpcf7_version\" value=\"6.1.3\" \/><input type=\"hidden\" name=\"_wpcf7_locale\" value=\"en_US\" \/><input type=\"hidden\" name=\"_wpcf7_unit_tag\" value=\"wpcf7-f4439-o1\" \/><input type=\"hidden\" name=\"_wpcf7_container_post\" value=\"0\" \/><input type=\"hidden\" name=\"_wpcf7_posted_data_hash\" value=\"\" \/><input type=\"hidden\" name=\"_wpcf7_recaptcha_response\" value=\"\" \/>\n<\/fieldset>\n<p><span class=\"wpcf7-form-control-wrap\" data-name=\"your-name\"><input size=\"40\" maxlength=\"400\" class=\"wpcf7-form-control wpcf7-text wpcf7-validates-as-required\" aria-required=\"true\" aria-invalid=\"false\" placeholder=\"\u0130sim\" value=\"\" type=\"text\" name=\"your-name\" \/><\/span><br \/>\n<span class=\"wpcf7-form-control-wrap\" data-name=\"your-phone\"><input size=\"40\" maxlength=\"400\" class=\"wpcf7-form-control wpcf7-tel wpcf7-validates-as-required wpcf7-text wpcf7-validates-as-tel\" aria-required=\"true\" aria-invalid=\"false\" placeholder=\"Telefon\" value=\"\" type=\"tel\" name=\"your-phone\" \/><\/span><br \/>\n<span class=\"wpcf7-form-control-wrap\" data-name=\"your-email\"><input size=\"40\" maxlength=\"400\" class=\"wpcf7-form-control wpcf7-email wpcf7-validates-as-required wpcf7-text wpcf7-validates-as-email\" aria-required=\"true\" aria-invalid=\"false\" placeholder=\"E-posta\" value=\"\" type=\"email\" name=\"your-email\" \/><\/span><br \/>\n<span class=\"wpcf7-form-control-wrap\" data-name=\"acceptance-4\"><span class=\"wpcf7-form-control wpcf7-acceptance\"><span class=\"wpcf7-list-item\"><label><input type=\"checkbox\" name=\"acceptance-4\" value=\"1\" aria-invalid=\"false\" \/><span class=\"wpcf7-list-item-label\"><span class=\"whitetext\">Okudum ve onayl\u0131yorum <a href=\"\/tr\/privacy-policy\/\" target=\"_blank\">Gizlilik Politikas\u0131<\/span><\/a><\/span><\/label><\/span><\/span><\/span><br \/>\n<input class=\"wpcf7-form-control wpcf7-submit has-spinner\" type=\"submit\" value=\"G\u00f6ndermek\" \/>\n<\/p><div class=\"wpcf7-response-output\" aria-hidden=\"true\"><\/div>\n<input type=\"hidden\" name=\"trp-form-language\" value=\"tr\"\/><\/form>\n<\/div>\n<\/div><\/div><\/div><\/div><div class=\"wpb_column vc_column_container vc_col-sm-1\"><div class=\"vc_column-inner\"><div class=\"wpb_wrapper\"><\/div><\/div><\/div><\/div><\/div><\/div><\/div><\/div><div class=\"vc_row-full-width vc_clearfix\"><\/div>\n<\/div>","protected":false},"excerpt":{"rendered":"Reliable Generators to Power Your Projects Reliable Generators to Power Your ProjectsPower reliability is crucial for the success of any [...]","protected":false},"author":1,"featured_media":7530,"parent":0,"menu_order":0,"comment_status":"closed","ping_status":"closed","template":"","meta":{"footnotes":""},"class_list":["post-7481","page","type-page","status-publish","has-post-thumbnail","hentry"],"_links":{"self":[{"href":"https:\/\/alqabida.com.tr\/tr\/wp-json\/wp\/v2\/pages\/7481","targetHints":{"allow":["GET"]}}],"collection":[{"href":"https:\/\/alqabida.com.tr\/tr\/wp-json\/wp\/v2\/pages"}],"about":[{"href":"https:\/\/alqabida.com.tr\/tr\/wp-json\/wp\/v2\/types\/page"}],"author":[{"embeddable":true,"href":"https:\/\/alqabida.com.tr\/tr\/wp-json\/wp\/v2\/users\/1"}],"replies":[{"embeddable":true,"href":"https:\/\/alqabida.com.tr\/tr\/wp-json\/wp\/v2\/comments?post=7481"}],"version-history":[{"count":6,"href":"https:\/\/alqabida.com.tr\/tr\/wp-json\/wp\/v2\/pages\/7481\/revisions"}],"predecessor-version":[{"id":7646,"href":"https:\/\/alqabida.com.tr\/tr\/wp-json\/wp\/v2\/pages\/7481\/revisions\/7646"}],"wp:featuredmedia":[{"embeddable":true,"href":"https:\/\/alqabida.com.tr\/tr\/wp-json\/wp\/v2\/media\/7530"}],"wp:attachment":[{"href":"https:\/\/alqabida.com.tr\/tr\/wp-json\/wp\/v2\/media?parent=7481"}],"curies":[{"name":"wp","href":"https:\/\/api.w.org\/{rel}","templated":true}]}}